{"id":61,"date":"2026-04-30T16:33:42","date_gmt":"2026-04-30T19:33:42","guid":{"rendered":"https:\/\/wptech.com.br\/guiacomercialwp\/home\/"},"modified":"2026-04-30T16:33:42","modified_gmt":"2026-04-30T19:33:42","slug":"home","status":"publish","type":"page","link":"https:\/\/wptech.com.br\/guiacomercialwp\/","title":{"rendered":"Home"},"content":{"rendered":"\n<p>Bem-vindo ao Guia Comercial. Encontre estabelecimentos confi\u00e1veis na sua cidade, leia avalia\u00e7\u00f5es reais de clientes e fale direto com quem atende.<\/p>\n","protected":false},"excerpt":{"rendered":"<p>Bem-vindo ao Guia Comercial. Encontre estabelecimentos confi\u00e1veis na sua cidade, leia avalia\u00e7\u00f5es reais de clientes e fale direto com quem atende.<\/p>\n","protected":false},"author":30,"featured_media":0,"parent":0,"menu_order":0,"comment_status":"closed","ping_status":"closed","template":"page-templates\/home-guia-comercial.php","meta":{"_acf_changed":false,"footnotes":""},"class_list":["post-61","page","type-page","status-publish","hentry"],"acf":[],"_links":{"self":[{"href":"https:\/\/wptech.com.br\/guiacomercialwp\/wp-json\/wp\/v2\/pages\/61","targetHints":{"allow":["GET"]}}],"collection":[{"href":"https:\/\/wptech.com.br\/guiacomercialwp\/wp-json\/wp\/v2\/pages"}],"about":[{"href":"https:\/\/wptech.com.br\/guiacomercialwp\/wp-json\/wp\/v2\/types\/page"}],"author":[{"embeddable":true,"href":"https:\/\/wptech.com.br\/guiacomercialwp\/wp-json\/wp\/v2\/users\/30"}],"replies":[{"embeddable":true,"href":"https:\/\/wptech.com.br\/guiacomercialwp\/wp-json\/wp\/v2\/comments?post=61"}],"version-history":[{"count":0,"href":"https:\/\/wptech.com.br\/guiacomercialwp\/wp-json\/wp\/v2\/pages\/61\/revisions"}],"wp:attachment":[{"href":"https:\/\/wptech.com.br\/guiacomercialwp\/wp-json\/wp\/v2\/media?parent=61"}],"curies":[{"name":"wp","href":"https:\/\/api.w.org\/{rel}","templated":true}]}}